{"id":346,"date":"2026-04-07T11:15:00","date_gmt":"2026-04-07T11:15:00","guid":{"rendered":"https:\/\/sevrana.com\/?page_id=346"},"modified":"2026-04-09T17:41:42","modified_gmt":"2026-04-09T17:41:42","slug":"faq","status":"publish","type":"page","link":"https:\/\/sevrana.com\/index.php\/faq\/","title":{"rendered":"FAQ"},"content":{"rendered":"\t\t<div data-elementor-type=\"wp-page\" data-elementor-id=\"346\" class=\"elementor elementor-346\" data-elementor-post-type=\"page\">\n\t\t\t\t<div class=\"elementor-element elementor-element-9d2c058 e-flex e-con-boxed e-con e-parent\" data-id=\"9d2c058\" data-element_type=\"container\" data-e-type=\"container\">\n\t\t\t\t\t<div class=\"e-con-inner\">\n\t\t\t\t<div class=\"elementor-element elementor-element-edaf1cf elementor-widget elementor-widget-heading\" data-id=\"edaf1cf\" data-element_type=\"widget\" data-e-type=\"widget\" data-widget_type=\"heading.default\">\n\t\t\t\t\t<h2 class=\"elementor-heading-title elementor-size-default\">FAQ SEVRANA<\/h2>\t\t\t\t<\/div>\n\t\t\t\t<div class=\"elementor-element elementor-element-e40e4c2 elementor-widget elementor-widget-image\" data-id=\"e40e4c2\" data-element_type=\"widget\" data-e-type=\"widget\" data-widget_type=\"image.default\">\n\t\t\t\t\t\t\t\t\t\t\t\t\t\t\t<img fetchpriority=\"high\" decoding=\"async\" width=\"800\" height=\"534\" src=\"https:\/\/sevrana.com\/wp-content\/uploads\/2026\/04\/ChatGPT-Image-7-avr.-2026-a-13_24_31-1024x683.png\" class=\"attachment-large size-large wp-image-348\" alt=\"\" srcset=\"https:\/\/sevrana.com\/wp-content\/uploads\/2026\/04\/ChatGPT-Image-7-avr.-2026-a-13_24_31-1024x683.png 1024w, https:\/\/sevrana.com\/wp-content\/uploads\/2026\/04\/ChatGPT-Image-7-avr.-2026-a-13_24_31-300x200.png 300w, https:\/\/sevrana.com\/wp-content\/uploads\/2026\/04\/ChatGPT-Image-7-avr.-2026-a-13_24_31-768x512.png 768w, https:\/\/sevrana.com\/wp-content\/uploads\/2026\/04\/ChatGPT-Image-7-avr.-2026-a-13_24_31-1320x880.png 1320w, https:\/\/sevrana.com\/wp-content\/uploads\/2026\/04\/ChatGPT-Image-7-avr.-2026-a-13_24_31-600x400.png 600w, https:\/\/sevrana.com\/wp-content\/uploads\/2026\/04\/ChatGPT-Image-7-avr.-2026-a-13_24_31.png 1536w\" sizes=\"(max-width: 800px) 100vw, 800px\" \/>\t\t\t\t\t\t\t\t\t\t\t\t\t\t\t<\/div>\n\t\t\t\t<div class=\"elementor-element elementor-element-2678596 elementor-widget elementor-widget-text-editor\" data-id=\"2678596\" data-element_type=\"widget\" data-e-type=\"widget\" data-widget_type=\"text-editor.default\">\n\t\t\t\t\t\t\t\t\t<h1 data-section-id=\"f72hq7\" data-start=\"113\" data-end=\"128\"><span style=\"font-family: inherit; font-size: 1.75rem; text-align: var(--text-align);\">Combien de temps dure une bougie Sevrana ?<\/span><\/h1><p data-start=\"177\" data-end=\"355\">Nos bougies offrent une dur\u00e9e de combustion moyenne de <strong data-start=\"232\" data-end=\"250\">40 \u00e0 60 heures<\/strong> selon le mod\u00e8le.<br data-start=\"267\" data-end=\"270\" \/>Chaque bougie est con\u00e7ue pour diffuser son parfum de mani\u00e8re progressive et \u00e9l\u00e9gante.<\/p><hr data-start=\"357\" data-end=\"360\" \/><h3 data-section-id=\"1wiqsvn\" data-start=\"362\" data-end=\"393\">Quelle cire utilisez-vous ?<\/h3><p data-start=\"394\" data-end=\"458\">Nous utilisons une <strong data-start=\"413\" data-end=\"438\">cire de haute qualit\u00e9<\/strong> s\u00e9lectionn\u00e9e pour :<\/p><ul data-start=\"459\" data-end=\"556\"><li data-section-id=\"18hjwzp\" data-start=\"459\" data-end=\"484\">une combustion propre<\/li><li data-section-id=\"f9buv2\" data-start=\"485\" data-end=\"521\">une diffusion optimale du parfum<\/li><li data-section-id=\"3b1asm\" data-start=\"522\" data-end=\"556\">une finition lisse et \u00e9l\u00e9gante<\/li><\/ul><hr data-start=\"558\" data-end=\"561\" \/><h3 data-section-id=\"b9n0s6\" data-start=\"563\" data-end=\"608\">Les pots en c\u00e9ramique sont-ils parfum\u00e9s ?<\/h3><p data-start=\"609\" data-end=\"757\">Oui. Les pots Sevrana sont <strong data-start=\"636\" data-end=\"671\">\u00e9galement d\u00e9licatement parfum\u00e9s<\/strong>, permettant de prolonger l&#8217;exp\u00e9rience m\u00eame apr\u00e8s la combustion compl\u00e8te de la bougie.<\/p><hr data-start=\"759\" data-end=\"762\" \/><h3 data-section-id=\"xxm7g7\" data-start=\"764\" data-end=\"807\">Que faire une fois la bougie termin\u00e9e ?<\/h3><p data-start=\"808\" data-end=\"841\">Nos pots sont <strong data-start=\"822\" data-end=\"839\">r\u00e9utilisables<\/strong> :<\/p><ul data-start=\"842\" data-end=\"938\"><li data-section-id=\"cqfjef\" data-start=\"842\" data-end=\"861\">objet d\u00e9coratif<\/li><li data-section-id=\"mxnx7p\" data-start=\"862\" data-end=\"875\">rangement<\/li><li data-section-id=\"1bmu2bk\" data-start=\"876\" data-end=\"892\">pot \u00e0 bijoux<\/li><li data-section-id=\"67ubss\" data-start=\"893\" data-end=\"916\">bougie rechargeable<\/li><li data-section-id=\"2daddy\" data-start=\"917\" data-end=\"938\">parfum d\u2019ambiance<\/li><\/ul><hr data-start=\"940\" data-end=\"943\" \/><h3 data-section-id=\"l1sjfg\" data-start=\"945\" data-end=\"982\">Comment optimiser la combustion ?<\/h3><p data-start=\"983\" data-end=\"1011\">Pour une exp\u00e9rience id\u00e9ale :<\/p><ul data-start=\"1012\" data-end=\"1197\"><li data-section-id=\"q2detj\" data-start=\"1012\" data-end=\"1067\">Laissez br\u00fbler jusqu&#8217;\u00e0 fonte compl\u00e8te de la surface<\/li><li data-section-id=\"12g54jt\" data-start=\"1068\" data-end=\"1119\">Coupez la m\u00e8che \u00e0 5 mm avant chaque utilisation<\/li><li data-section-id=\"qu2qob\" data-start=\"1120\" data-end=\"1149\">\u00c9vitez les courants d\u2019air<\/li><li data-section-id=\"12pklme\" data-start=\"1150\" data-end=\"1197\">Ne pas br\u00fbler plus de 3 heures cons\u00e9cutives<\/li><\/ul><hr data-start=\"1199\" data-end=\"1202\" \/><h3 data-section-id=\"1gtefy0\" data-start=\"1204\" data-end=\"1253\">Les bougies sont-elles fabriqu\u00e9es \u00e0 la main ?<\/h3><p data-start=\"1254\" data-end=\"1353\">Oui, chaque bougie Sevrana est <strong data-start=\"1285\" data-end=\"1305\">coul\u00e9e avec soin<\/strong>, dans une approche artisanale et haut de gamme.<\/p><hr data-start=\"1355\" data-end=\"1358\" \/><h3 data-section-id=\"2dmffw\" data-start=\"1360\" data-end=\"1392\">Les parfums sont-ils forts ?<\/h3><p data-start=\"1393\" data-end=\"1515\">Les bougies Sevrana diffusent un <strong data-start=\"1426\" data-end=\"1454\">parfum subtil et \u00e9l\u00e9gant<\/strong>, pens\u00e9 pour cr\u00e9er une ambiance raffin\u00e9e sans \u00eatre ent\u00eatante.<\/p><hr data-start=\"1517\" data-end=\"1520\" \/><h3 data-section-id=\"2qeu3f\" data-start=\"1522\" data-end=\"1562\">Quels sont les d\u00e9lais de livraison ?<\/h3><p data-start=\"1563\" data-end=\"1676\">Les commandes sont exp\u00e9di\u00e9es sous <strong data-start=\"1597\" data-end=\"1619\">2 \u00e0 4 jours ouvr\u00e9s<\/strong>.<br data-start=\"1620\" data-end=\"1623\" \/>Le d\u00e9lai de livraison d\u00e9pend ensuite du transporteur.<\/p><hr data-start=\"1678\" data-end=\"1681\" \/><h3 data-section-id=\"1m94soc\" data-start=\"1683\" data-end=\"1717\">Puis-je retourner un produit ?<\/h3><p data-start=\"1718\" data-end=\"1828\">Oui, vous disposez de <strong data-start=\"1740\" data-end=\"1752\">14 jours<\/strong> apr\u00e8s r\u00e9ception pour effectuer un retour si le produit n\u2019a pas \u00e9t\u00e9 utilis\u00e9.<\/p><hr data-start=\"1830\" data-end=\"1833\" \/><h3 data-section-id=\"1r2av6\" data-start=\"1835\" data-end=\"1863\">Comment vous contacter ?<\/h3><p data-start=\"1864\" data-end=\"1896\">Vous pouvez nous contacter via :<\/p><ul data-start=\"1897\" data-end=\"1949\"><li data-section-id=\"1dm58q8\" data-start=\"1897\" data-end=\"1925\">le formulaire de contact<\/li><li data-section-id=\"1mhn3zk\" data-start=\"1926\" data-end=\"1939\">Instagram<\/li><li data-section-id=\"vey45g\" data-start=\"1940\" data-end=\"1949\">email<\/li><\/ul><p data-start=\"1951\" data-end=\"1987\">Notre \u00e9quipe vous r\u00e9pond rapidement.<\/p>\t\t\t\t\t\t\t\t<\/div>\n\t\t\t\t\t<\/div>\n\t\t\t\t<\/div>\n\t\t\t\t<\/div>\n\t\t","protected":false},"excerpt":{"rendered":"<p>FAQ SEVRANA Combien de temps dure une bougie Sevrana ? Nos bougies offrent une dur\u00e9e de combustion moyenne de 40 \u00e0 60 heures selon le mod\u00e8le.Chaque bougie est con\u00e7ue pour diffuser son parfum de mani\u00e8re progressive et \u00e9l\u00e9gante. Quelle cire utilisez-vous ? Nous utilisons une cire de haute qualit\u00e9 s\u00e9lectionn\u00e9e pour : une combustion propre [&hellip;]<\/p>\n","protected":false},"author":1,"featured_media":0,"parent":0,"menu_order":0,"comment_status":"closed","ping_status":"closed","template":"","meta":{"footnotes":""},"class_list":["post-346","page","type-page","status-publish","hentry"],"jetpack_sharing_enabled":true,"_links":{"self":[{"href":"https:\/\/sevrana.com\/index.php\/wp-json\/wp\/v2\/pages\/346","targetHints":{"allow":["GET"]}}],"collection":[{"href":"https:\/\/sevrana.com\/index.php\/wp-json\/wp\/v2\/pages"}],"about":[{"href":"https:\/\/sevrana.com\/index.php\/wp-json\/wp\/v2\/types\/page"}],"author":[{"embeddable":true,"href":"https:\/\/sevrana.com\/index.php\/wp-json\/wp\/v2\/users\/1"}],"replies":[{"embeddable":true,"href":"https:\/\/sevrana.com\/index.php\/wp-json\/wp\/v2\/comments?post=346"}],"version-history":[{"count":7,"href":"https:\/\/sevrana.com\/index.php\/wp-json\/wp\/v2\/pages\/346\/revisions"}],"predecessor-version":[{"id":456,"href":"https:\/\/sevrana.com\/index.php\/wp-json\/wp\/v2\/pages\/346\/revisions\/456"}],"wp:attachment":[{"href":"https:\/\/sevrana.com\/index.php\/wp-json\/wp\/v2\/media?parent=346"}],"curies":[{"name":"wp","href":"https:\/\/api.w.org\/{rel}","templated":true}]}}