{"id":390,"date":"2026-04-08T22:35:59","date_gmt":"2026-04-08T22:35:59","guid":{"rendered":"https:\/\/sevrana.com\/?page_id=390"},"modified":"2026-04-09T17:23:27","modified_gmt":"2026-04-09T17:23:27","slug":"a-propos","status":"publish","type":"page","link":"https:\/\/sevrana.com\/index.php\/a-propos\/","title":{"rendered":"\u00c0 propos"},"content":{"rendered":"\t\t<div data-elementor-type=\"wp-page\" data-elementor-id=\"390\" class=\"elementor elementor-390\" data-elementor-post-type=\"page\">\n\t\t\t\t<div class=\"elementor-element elementor-element-5bf0d04 e-flex e-con-boxed e-con e-parent\" data-id=\"5bf0d04\" data-element_type=\"container\" data-e-type=\"container\">\n\t\t\t\t\t<div class=\"e-con-inner\">\n\t\t\t\t<div class=\"elementor-element elementor-element-f3be9c0 elementor-widget elementor-widget-heading\" data-id=\"f3be9c0\" data-element_type=\"widget\" data-e-type=\"widget\" data-widget_type=\"heading.default\">\n\t\t\t\t\t<h2 class=\"elementor-heading-title elementor-size-default\">\u00c0 PROPOS<\/h2>\t\t\t\t<\/div>\n\t\t\t\t\t<\/div>\n\t\t\t\t<\/div>\n\t\t<div class=\"elementor-element elementor-element-5e984c5 e-flex e-con-boxed e-con e-parent\" data-id=\"5e984c5\" data-element_type=\"container\" data-e-type=\"container\">\n\t\t\t\t\t<div class=\"e-con-inner\">\n\t\t\t\t<div class=\"elementor-element elementor-element-2bb65b9 elementor-widget elementor-widget-image\" data-id=\"2bb65b9\" data-element_type=\"widget\" data-e-type=\"widget\" data-widget_type=\"image.default\">\n\t\t\t\t\t\t\t\t\t\t\t\t\t\t\t<img fetchpriority=\"high\" decoding=\"async\" width=\"800\" height=\"534\" src=\"https:\/\/sevrana.com\/wp-content\/uploads\/2026\/04\/Chandelles-elegantes-sur-plateau-dore-1024x683.png\" class=\"attachment-large size-large wp-image-393\" alt=\"\" srcset=\"https:\/\/sevrana.com\/wp-content\/uploads\/2026\/04\/Chandelles-elegantes-sur-plateau-dore-1024x683.png 1024w, https:\/\/sevrana.com\/wp-content\/uploads\/2026\/04\/Chandelles-elegantes-sur-plateau-dore-300x200.png 300w, https:\/\/sevrana.com\/wp-content\/uploads\/2026\/04\/Chandelles-elegantes-sur-plateau-dore-768x512.png 768w, https:\/\/sevrana.com\/wp-content\/uploads\/2026\/04\/Chandelles-elegantes-sur-plateau-dore-1320x880.png 1320w, https:\/\/sevrana.com\/wp-content\/uploads\/2026\/04\/Chandelles-elegantes-sur-plateau-dore-600x400.png 600w, https:\/\/sevrana.com\/wp-content\/uploads\/2026\/04\/Chandelles-elegantes-sur-plateau-dore.png 1536w\" sizes=\"(max-width: 800px) 100vw, 800px\" \/>\t\t\t\t\t\t\t\t\t\t\t\t\t\t\t<\/div>\n\t\t\t\t\t<\/div>\n\t\t\t\t<\/div>\n\t\t<div class=\"elementor-element elementor-element-c89d673 e-flex e-con-boxed e-con e-parent\" data-id=\"c89d673\" data-element_type=\"container\" data-e-type=\"container\">\n\t\t\t\t\t<div class=\"e-con-inner\">\n\t\t\t\t<div class=\"elementor-element elementor-element-cb52edf elementor-widget elementor-widget-text-editor\" data-id=\"cb52edf\" data-element_type=\"widget\" data-e-type=\"widget\" data-widget_type=\"text-editor.default\">\n\t\t\t\t\t\t\t\t\t<p data-start=\"125\" data-end=\"370\">Sevrana est n\u00e9e d\u2019une vision : transformer la bougie en un v\u00e9ritable objet d\u2019exception.<br data-start=\"212\" data-end=\"215\" \/>Plus qu\u2019un simple parfum d\u2019int\u00e9rieur, chaque cr\u00e9ation est pens\u00e9e comme une pi\u00e8ce d\u00e9corative, o\u00f9 l\u2019\u00e9l\u00e9gance du design rencontre la subtilit\u00e9 des fragrances.<\/p><p data-start=\"372\" data-end=\"666\">Inspir\u00e9e par les formes sculpturales, les mati\u00e8res nobles et les d\u00e9tails d\u00e9licats, Sevrana propose des bougies uniques qui subliment l\u2019espace et \u00e9veillent les sens. Chaque mod\u00e8le est con\u00e7u pour apporter une pr\u00e9sence raffin\u00e9e \u00e0 votre int\u00e9rieur, qu\u2019il soit contemporain, minimaliste ou classique.<\/p><p data-start=\"668\" data-end=\"992\">L\u2019identit\u00e9 Sevrana repose sur une signature distinctive : des pots \u00e9galement parfum\u00e9s.<br data-start=\"754\" data-end=\"757\" \/>Contrairement aux bougies traditionnelles, nos contenants continuent de diffuser d\u00e9licatement leur fragrance, m\u00eame apr\u00e8s combustion. Ils deviennent ainsi des objets d\u00e9coratifs durables, pens\u00e9s pour prolonger l\u2019exp\u00e9rience dans le temps.<\/p><p data-start=\"994\" data-end=\"1313\">Chaque cr\u00e9ation est imagin\u00e9e comme une harmonie entre esth\u00e9tique et ambiance. Des lignes \u00e9pur\u00e9es, des ornements d\u00e9licats, des finitions \u00e9l\u00e9gantes\u2026 rien n\u2019est laiss\u00e9 au hasard. Sevrana transforme la bougie en un \u00e9l\u00e9ment d\u00e9coratif \u00e0 part enti\u00e8re, con\u00e7u pour s\u2019int\u00e9grer naturellement dans les int\u00e9rieurs les plus raffin\u00e9s.<\/p><p data-start=\"1315\" data-end=\"1490\">Plus qu\u2019une bougie, Sevrana propose une exp\u00e9rience.<br data-start=\"1366\" data-end=\"1369\" \/>Une atmosph\u00e8re douce, une pr\u00e9sence \u00e9l\u00e9gante, une signature olfactive subtile.<br data-start=\"1446\" data-end=\"1449\" \/>Une invitation \u00e0 sublimer chaque instant.<\/p>\t\t\t\t\t\t\t\t<\/div>\n\t\t\t\t\t<\/div>\n\t\t\t\t<\/div>\n\t\t\t\t<\/div>\n\t\t","protected":false},"excerpt":{"rendered":"<p>\u00c0 PROPOS Sevrana est n\u00e9e d\u2019une vision : transformer la bougie en un v\u00e9ritable objet d\u2019exception.Plus qu\u2019un simple parfum d\u2019int\u00e9rieur, chaque cr\u00e9ation est pens\u00e9e comme une pi\u00e8ce d\u00e9corative, o\u00f9 l\u2019\u00e9l\u00e9gance du design rencontre la subtilit\u00e9 des fragrances. Inspir\u00e9e par les formes sculpturales, les mati\u00e8res nobles et les d\u00e9tails d\u00e9licats, Sevrana propose des bougies uniques qui [&hellip;]<\/p>\n","protected":false},"author":1,"featured_media":0,"parent":0,"menu_order":0,"comment_status":"closed","ping_status":"closed","template":"","meta":{"footnotes":""},"class_list":["post-390","page","type-page","status-publish","hentry"],"jetpack_sharing_enabled":true,"_links":{"self":[{"href":"https:\/\/sevrana.com\/index.php\/wp-json\/wp\/v2\/pages\/390","targetHints":{"allow":["GET"]}}],"collection":[{"href":"https:\/\/sevrana.com\/index.php\/wp-json\/wp\/v2\/pages"}],"about":[{"href":"https:\/\/sevrana.com\/index.php\/wp-json\/wp\/v2\/types\/page"}],"author":[{"embeddable":true,"href":"https:\/\/sevrana.com\/index.php\/wp-json\/wp\/v2\/users\/1"}],"replies":[{"embeddable":true,"href":"https:\/\/sevrana.com\/index.php\/wp-json\/wp\/v2\/comments?post=390"}],"version-history":[{"count":7,"href":"https:\/\/sevrana.com\/index.php\/wp-json\/wp\/v2\/pages\/390\/revisions"}],"predecessor-version":[{"id":447,"href":"https:\/\/sevrana.com\/index.php\/wp-json\/wp\/v2\/pages\/390\/revisions\/447"}],"wp:attachment":[{"href":"https:\/\/sevrana.com\/index.php\/wp-json\/wp\/v2\/media?parent=390"}],"curies":[{"name":"wp","href":"https:\/\/api.w.org\/{rel}","templated":true}]}}