{"id":409,"date":"2026-04-08T23:48:43","date_gmt":"2026-04-08T23:48:43","guid":{"rendered":"https:\/\/sevrana.com\/?page_id=409"},"modified":"2026-04-09T17:35:49","modified_gmt":"2026-04-09T17:35:49","slug":"conditions-de-general-de-ventes","status":"publish","type":"page","link":"https:\/\/sevrana.com\/index.php\/conditions-de-general-de-ventes\/","title":{"rendered":"Conditions de g\u00e9n\u00e9ral de ventes"},"content":{"rendered":"\t\t<div data-elementor-type=\"wp-page\" data-elementor-id=\"409\" class=\"elementor elementor-409\" data-elementor-post-type=\"page\">\n\t\t\t\t<div class=\"elementor-element elementor-element-766ba9a e-flex e-con-boxed e-con e-parent\" data-id=\"766ba9a\" data-element_type=\"container\" data-e-type=\"container\">\n\t\t\t\t\t<div class=\"e-con-inner\">\n\t\t\t\t<div class=\"elementor-element elementor-element-f654d1b elementor-widget elementor-widget-heading\" data-id=\"f654d1b\" data-element_type=\"widget\" data-e-type=\"widget\" data-widget_type=\"heading.default\">\n\t\t\t\t\t<h2 class=\"elementor-heading-title elementor-size-default\">Conditions G\u00e9n\u00e9rales de Ventes<\/h2>\t\t\t\t<\/div>\n\t\t\t\t\t<\/div>\n\t\t\t\t<\/div>\n\t\t<div class=\"elementor-element elementor-element-ce61aa9 e-flex e-con-boxed e-con e-parent\" data-id=\"ce61aa9\" data-element_type=\"container\" data-e-type=\"container\">\n\t\t\t\t\t<div class=\"e-con-inner\">\n\t\t\t\t<div class=\"elementor-element elementor-element-7c98086 elementor-widget elementor-widget-text-editor\" data-id=\"7c98086\" data-element_type=\"widget\" data-e-type=\"widget\" data-widget_type=\"text-editor.default\">\n\t\t\t\t\t\t\t\t\t<h1 data-section-id=\"65ra6m\" data-start=\"258\" data-end=\"304\"><span style=\"text-align: var(--text-align); font-size: 1rem;\">Les pr\u00e9sentes Conditions G\u00e9n\u00e9rales de Vente r\u00e9gissent les ventes r\u00e9alis\u00e9es sur le site Sevrana. Toute commande effectu\u00e9e sur le site implique l\u2019acceptation pleine et enti\u00e8re des pr\u00e9sentes conditions.<\/span><\/h1><h3 data-section-id=\"kxr9kk\" data-start=\"551\" data-end=\"565\">Produits<\/h3><p data-start=\"566\" data-end=\"826\">Les produits propos\u00e9s \u00e0 la vente sont des bougies d\u00e9coratives parfum\u00e9es con\u00e7ues avec soin. Chaque pi\u00e8ce peut pr\u00e9senter de l\u00e9g\u00e8res variations, t\u00e9moignant de son caract\u00e8re unique. Les photographies sont pr\u00e9sent\u00e9es \u00e0 titre indicatif et ne sont pas contractuelles.<\/p><h3 data-section-id=\"t0zm51\" data-start=\"828\" data-end=\"838\">Prix<\/h3><p data-start=\"839\" data-end=\"1027\">Les prix sont indiqu\u00e9s en euros toutes taxes comprises (TTC). Sevrana se r\u00e9serve le droit de modifier ses prix \u00e0 tout moment. Le prix applicable est celui affich\u00e9 au moment de la commande.<\/p><h3 data-section-id=\"yl45vo\" data-start=\"1029\" data-end=\"1043\">Commande<\/h3><p data-start=\"1044\" data-end=\"1230\">Toute commande pass\u00e9e sur le site vaut acceptation des pr\u00e9sentes conditions. Sevrana se r\u00e9serve le droit de refuser ou d&#8217;annuler toute commande en cas de litige ant\u00e9rieur avec un client.<\/p><h3 data-section-id=\"1hn2uax\" data-start=\"1232\" data-end=\"1246\">Paiement<\/h3><p data-start=\"1247\" data-end=\"1381\">Le paiement s\u2019effectue en ligne via les moyens s\u00e9curis\u00e9s propos\u00e9s sur le site. La commande est valid\u00e9e apr\u00e8s confirmation du paiement.<\/p><h3 data-section-id=\"53h3i5\" data-start=\"1383\" data-end=\"1398\">Livraison<\/h3><p data-start=\"1399\" data-end=\"1532\">Les commandes sont pr\u00e9par\u00e9es sous 24 \u00e0 72 heures ouvr\u00e9es.<br data-start=\"1456\" data-end=\"1459\" \/>La livraison s\u2019effectue en France m\u00e9tropolitaine sous 2 \u00e0 5 jours ouvr\u00e9s.<\/p><p data-start=\"1534\" data-end=\"1614\">Sevrana ne peut \u00eatre tenue responsable des retards imputables aux transporteurs.<\/p><h3 data-section-id=\"ba3bdh\" data-start=\"1616\" data-end=\"1643\">Droit de r\u00e9tractation<\/h3><p data-start=\"1644\" data-end=\"1790\">Conform\u00e9ment \u00e0 la l\u00e9gislation en vigueur, vous disposez d\u2019un d\u00e9lai de 14 jours \u00e0 compter de la r\u00e9ception pour exercer votre droit de r\u00e9tractation.<\/p><p data-start=\"1792\" data-end=\"1829\">Les produits doivent \u00eatre retourn\u00e9s :<\/p><ul data-start=\"1830\" data-end=\"1900\"><li data-section-id=\"pjcioz\" data-start=\"1830\" data-end=\"1846\">non utilis\u00e9s dans leur emballage d&#8217;origine en parfait \u00e9tat<\/li><\/ul><p data-start=\"1902\" data-end=\"1952\">Les frais de retour restent \u00e0 la charge du client.<\/p><h3 data-section-id=\"v5oemg\" data-start=\"1954\" data-end=\"1979\">Produits endommag\u00e9s<\/h3><p data-start=\"1980\" data-end=\"2105\">En cas de produit endommag\u00e9 \u00e0 la r\u00e9ception, le client doit contacter Sevrana dans un d\u00e9lai de 48 heures avec photo \u00e0 l\u2019appui.<\/p><h3 data-section-id=\"v64xqq\" data-start=\"2107\" data-end=\"2127\">Responsabilit\u00e9<\/h3><p data-start=\"2128\" data-end=\"2283\">Sevrana ne saurait \u00eatre tenue responsable d\u2019une mauvaise utilisation du produit. Les bougies doivent \u00eatre utilis\u00e9es conform\u00e9ment aux consignes de s\u00e9curit\u00e9.<\/p><h3 data-section-id=\"5k0eme\" data-start=\"2285\" data-end=\"2298\">Contact<\/h3><p data-start=\"2299\" data-end=\"2342\">Pour toute question :<br data-start=\"2320\" data-end=\"2323\" \/><a class=\"decorated-link cursor-pointer\" rel=\"noopener\" data-start=\"2323\" data-end=\"2342\">contact@sevrana.com<\/a><\/p>\t\t\t\t\t\t\t\t<\/div>\n\t\t\t\t\t<\/div>\n\t\t\t\t<\/div>\n\t\t\t\t<\/div>\n\t\t","protected":false},"excerpt":{"rendered":"<p>Conditions G\u00e9n\u00e9rales de Ventes Les pr\u00e9sentes Conditions G\u00e9n\u00e9rales de Vente r\u00e9gissent les ventes r\u00e9alis\u00e9es sur le site Sevrana. Toute commande effectu\u00e9e sur le site implique l\u2019acceptation pleine et enti\u00e8re des pr\u00e9sentes conditions. Produits Les produits propos\u00e9s \u00e0 la vente sont des bougies d\u00e9coratives parfum\u00e9es con\u00e7ues avec soin. Chaque pi\u00e8ce peut pr\u00e9senter de l\u00e9g\u00e8res variations, t\u00e9moignant [&hellip;]<\/p>\n","protected":false},"author":1,"featured_media":0,"parent":0,"menu_order":0,"comment_status":"closed","ping_status":"closed","template":"","meta":{"footnotes":""},"class_list":["post-409","page","type-page","status-publish","hentry"],"jetpack_sharing_enabled":true,"_links":{"self":[{"href":"https:\/\/sevrana.com\/index.php\/wp-json\/wp\/v2\/pages\/409","targetHints":{"allow":["GET"]}}],"collection":[{"href":"https:\/\/sevrana.com\/index.php\/wp-json\/wp\/v2\/pages"}],"about":[{"href":"https:\/\/sevrana.com\/index.php\/wp-json\/wp\/v2\/types\/page"}],"author":[{"embeddable":true,"href":"https:\/\/sevrana.com\/index.php\/wp-json\/wp\/v2\/users\/1"}],"replies":[{"embeddable":true,"href":"https:\/\/sevrana.com\/index.php\/wp-json\/wp\/v2\/comments?post=409"}],"version-history":[{"count":7,"href":"https:\/\/sevrana.com\/index.php\/wp-json\/wp\/v2\/pages\/409\/revisions"}],"predecessor-version":[{"id":453,"href":"https:\/\/sevrana.com\/index.php\/wp-json\/wp\/v2\/pages\/409\/revisions\/453"}],"wp:attachment":[{"href":"https:\/\/sevrana.com\/index.php\/wp-json\/wp\/v2\/media?parent=409"}],"curies":[{"name":"wp","href":"https:\/\/api.w.org\/{rel}","templated":true}]}}