{"id":414,"date":"2026-04-08T23:52:08","date_gmt":"2026-04-08T23:52:08","guid":{"rendered":"https:\/\/sevrana.com\/?page_id=414"},"modified":"2026-04-08T23:53:51","modified_gmt":"2026-04-08T23:53:51","slug":"mentions-legales","status":"publish","type":"page","link":"https:\/\/sevrana.com\/index.php\/mentions-legales\/","title":{"rendered":"Mentions l\u00e9gales"},"content":{"rendered":"\t\t<div data-elementor-type=\"wp-page\" data-elementor-id=\"414\" class=\"elementor elementor-414\" data-elementor-post-type=\"page\">\n\t\t\t\t<div class=\"elementor-element elementor-element-fc2b887 e-flex e-con-boxed e-con e-parent\" data-id=\"fc2b887\" data-element_type=\"container\" data-e-type=\"container\">\n\t\t\t\t\t<div class=\"e-con-inner\">\n\t\t\t\t<div class=\"elementor-element elementor-element-10b2344 elementor-widget elementor-widget-heading\" data-id=\"10b2344\" data-element_type=\"widget\" data-e-type=\"widget\" data-widget_type=\"heading.default\">\n\t\t\t\t\t<h2 class=\"elementor-heading-title elementor-size-default\">Mentions L\u00e9gales<\/h2>\t\t\t\t<\/div>\n\t\t\t\t\t<\/div>\n\t\t\t\t<\/div>\n\t\t<div class=\"elementor-element elementor-element-236c1f4 e-flex e-con-boxed e-con e-parent\" data-id=\"236c1f4\" data-element_type=\"container\" data-e-type=\"container\">\n\t\t\t\t\t<div class=\"e-con-inner\">\n\t\t\t\t<div class=\"elementor-element elementor-element-f484076 elementor-widget elementor-widget-text-editor\" data-id=\"f484076\" data-element_type=\"widget\" data-e-type=\"widget\" data-widget_type=\"text-editor.default\">\n\t\t\t\t\t\t\t\t\t<h1 data-section-id=\"2kel7n\" data-start=\"2349\" data-end=\"2376\"><span style=\"font-size: 1rem; text-align: var(--text-align); font-family: inherit;\">Le pr\u00e9sent site est \u00e9dit\u00e9 par la marque Sevrana.<\/span><\/h1><h3 data-section-id=\"1dbvajy\" data-start=\"2449\" data-end=\"2470\">\u00c9diteur du site<\/h3><p data-start=\"2471\" data-end=\"2520\">SEVRANA<br data-start=\"2478\" data-end=\"2481\" \/>Marque de bougies d\u00e9coratives parfum\u00e9es<\/p><p data-start=\"2522\" data-end=\"2549\">Email : <a class=\"decorated-link cursor-pointer\" rel=\"noopener\" data-start=\"2530\" data-end=\"2549\">contact@sevrana.com<\/a><\/p><h3 data-section-id=\"79sznm\" data-start=\"2551\" data-end=\"2568\">H\u00e9bergement<\/h3><p data-start=\"2569\" data-end=\"2626\">Le site est h\u00e9berg\u00e9 par :<br data-start=\"2594\" data-end=\"2597\" \/>WordPress \/ H\u00e9bergeur du site<\/p><h3 data-section-id=\"14032w5\" data-start=\"2628\" data-end=\"2658\">Propri\u00e9t\u00e9 intellectuelle<\/h3><p data-start=\"2659\" data-end=\"2856\">L\u2019ensemble du contenu pr\u00e9sent sur le site Sevrana (textes, images, logo, design) est prot\u00e9g\u00e9 par le droit d\u2019auteur. Toute reproduction totale ou partielle est interdite sans autorisation pr\u00e9alable.<\/p><h3 data-section-id=\"v64xqq\" data-start=\"2858\" data-end=\"2878\">Responsabilit\u00e9<\/h3><p data-start=\"2879\" data-end=\"3050\">Sevrana s\u2019efforce d\u2019assurer l\u2019exactitude des informations pr\u00e9sentes sur le site. Toutefois, la marque ne saurait \u00eatre tenue responsable d\u2019\u00e9ventuelles erreurs ou omissions.<\/p>\t\t\t\t\t\t\t\t<\/div>\n\t\t\t\t\t<\/div>\n\t\t\t\t<\/div>\n\t\t\t\t<\/div>\n\t\t","protected":false},"excerpt":{"rendered":"<p>Mentions L\u00e9gales Le pr\u00e9sent site est \u00e9dit\u00e9 par la marque Sevrana. \u00c9diteur du site SEVRANAMarque de bougies d\u00e9coratives parfum\u00e9es Email : contact@sevrana.com H\u00e9bergement Le site est h\u00e9berg\u00e9 par :WordPress \/ H\u00e9bergeur du site Propri\u00e9t\u00e9 intellectuelle L\u2019ensemble du contenu pr\u00e9sent sur le site Sevrana (textes, images, logo, design) est prot\u00e9g\u00e9 par le droit d\u2019auteur. Toute reproduction [&hellip;]<\/p>\n","protected":false},"author":1,"featured_media":0,"parent":0,"menu_order":0,"comment_status":"closed","ping_status":"closed","template":"","meta":{"footnotes":""},"class_list":["post-414","page","type-page","status-publish","hentry"],"jetpack_sharing_enabled":true,"_links":{"self":[{"href":"https:\/\/sevrana.com\/index.php\/wp-json\/wp\/v2\/pages\/414","targetHints":{"allow":["GET"]}}],"collection":[{"href":"https:\/\/sevrana.com\/index.php\/wp-json\/wp\/v2\/pages"}],"about":[{"href":"https:\/\/sevrana.com\/index.php\/wp-json\/wp\/v2\/types\/page"}],"author":[{"embeddable":true,"href":"https:\/\/sevrana.com\/index.php\/wp-json\/wp\/v2\/users\/1"}],"replies":[{"embeddable":true,"href":"https:\/\/sevrana.com\/index.php\/wp-json\/wp\/v2\/comments?post=414"}],"version-history":[{"count":4,"href":"https:\/\/sevrana.com\/index.php\/wp-json\/wp\/v2\/pages\/414\/revisions"}],"predecessor-version":[{"id":418,"href":"https:\/\/sevrana.com\/index.php\/wp-json\/wp\/v2\/pages\/414\/revisions\/418"}],"wp:attachment":[{"href":"https:\/\/sevrana.com\/index.php\/wp-json\/wp\/v2\/media?parent=414"}],"curies":[{"name":"wp","href":"https:\/\/api.w.org\/{rel}","templated":true}]}}