{"id":376,"date":"2026-04-08T21:56:24","date_gmt":"2026-04-08T21:56:24","guid":{"rendered":"https:\/\/sevrana.com\/?post_type=product&#038;p=376"},"modified":"2026-04-08T21:56:24","modified_gmt":"2026-04-08T21:56:24","slug":"plume-doree","status":"publish","type":"product","link":"https:\/\/sevrana.com\/index.php\/product\/plume-doree\/","title":{"rendered":"Plume Dor\u00e9e"},"content":{"rendered":"<p>Bougie <strong data-start=\"7\" data-end=\"22\">Plume Dor\u00e9e<\/strong>, une cr\u00e9ation \u00e9l\u00e9gante au design noir profond sublim\u00e9 par un couvercle orn\u00e9 d\u2019un oiseau dor\u00e9. Son parfum raffin\u00e9 enveloppe l\u2019espace d\u2019une ambiance chaleureuse et sophistiqu\u00e9e. Le pot, \u00e9galement parfum\u00e9, prolonge l\u2019exp\u00e9rience olfactive et devient un v\u00e9ritable objet d\u00e9coratif.<\/p>\n","protected":false},"excerpt":{"rendered":"<p>Bougie Plume Dor\u00e9e, une cr\u00e9ation \u00e9l\u00e9gante au design noir profond sublim\u00e9 par un couvercle orn\u00e9 d\u2019un oiseau dor\u00e9. Son parfum raffin\u00e9 enveloppe l\u2019espace d\u2019une ambiance chaleureuse et sophistiqu\u00e9e. Le pot, \u00e9galement parfum\u00e9, prolonge l\u2019exp\u00e9rience olfactive et devient un v\u00e9ritable objet d\u00e9coratif.<\/p>\n","protected":false},"featured_media":377,"comment_status":"open","ping_status":"closed","template":"","meta":[],"product_brand":[],"product_cat":[21],"product_tag":[],"class_list":{"0":"post-376","1":"product","2":"type-product","3":"status-publish","4":"has-post-thumbnail","6":"product_cat-uncategorized","8":"first","9":"instock","10":"shipping-taxable","11":"purchasable","12":"product-type-simple"},"jetpack_sharing_enabled":true,"_links":{"self":[{"href":"https:\/\/sevrana.com\/index.php\/wp-json\/wp\/v2\/product\/376","targetHints":{"allow":["GET"]}}],"collection":[{"href":"https:\/\/sevrana.com\/index.php\/wp-json\/wp\/v2\/product"}],"about":[{"href":"https:\/\/sevrana.com\/index.php\/wp-json\/wp\/v2\/types\/product"}],"replies":[{"embeddable":true,"href":"https:\/\/sevrana.com\/index.php\/wp-json\/wp\/v2\/comments?post=376"}],"wp:featuredmedia":[{"embeddable":true,"href":"https:\/\/sevrana.com\/index.php\/wp-json\/wp\/v2\/media\/377"}],"wp:attachment":[{"href":"https:\/\/sevrana.com\/index.php\/wp-json\/wp\/v2\/media?parent=376"}],"wp:term":[{"taxonomy":"product_brand","embeddable":true,"href":"https:\/\/sevrana.com\/index.php\/wp-json\/wp\/v2\/product_brand?post=376"},{"taxonomy":"product_cat","embeddable":true,"href":"https:\/\/sevrana.com\/index.php\/wp-json\/wp\/v2\/product_cat?post=376"},{"taxonomy":"product_tag","embeddable":true,"href":"https:\/\/sevrana.com\/index.php\/wp-json\/wp\/v2\/product_tag?post=376"}],"curies":[{"name":"wp","href":"https:\/\/api.w.org\/{rel}","templated":true}]}}