{"id":378,"date":"2026-04-08T22:05:04","date_gmt":"2026-04-08T22:05:04","guid":{"rendered":"https:\/\/sevrana.com\/?post_type=product&#038;p=378"},"modified":"2026-04-08T22:05:04","modified_gmt":"2026-04-08T22:05:04","slug":"midnight-orchid","status":"publish","type":"product","link":"https:\/\/sevrana.com\/index.php\/product\/midnight-orchid\/","title":{"rendered":"Midnight Orchid"},"content":{"rendered":"<p>Une bougie \u00e9l\u00e9gante aux lignes profondes et sophistiqu\u00e9es, sublim\u00e9e par un couvercle orn\u00e9 d\u2019une orchid\u00e9e d\u00e9licate. Sa fragrance enveloppante cr\u00e9e une atmosph\u00e8re chaleureuse et raffin\u00e9e. Comme toutes les cr\u00e9ations Sevrana, le pot est \u00e9galement parfum\u00e9 pour prolonger l\u2019exp\u00e9rience m\u00eame apr\u00e8s la combustion.<\/p>\n","protected":false},"excerpt":{"rendered":"<p>Une bougie \u00e9l\u00e9gante aux lignes profondes et sophistiqu\u00e9es, sublim\u00e9e par un couvercle orn\u00e9 d\u2019une orchid\u00e9e d\u00e9licate. Sa fragrance enveloppante cr\u00e9e une atmosph\u00e8re chaleureuse et raffin\u00e9e. Comme toutes les cr\u00e9ations Sevrana, le pot est \u00e9galement parfum\u00e9 pour prolonger l\u2019exp\u00e9rience m\u00eame apr\u00e8s la combustion.<\/p>\n","protected":false},"featured_media":379,"comment_status":"open","ping_status":"closed","template":"","meta":[],"product_brand":[],"product_cat":[21],"product_tag":[],"class_list":{"0":"post-378","1":"product","2":"type-product","3":"status-publish","4":"has-post-thumbnail","6":"product_cat-uncategorized","8":"first","9":"instock","10":"shipping-taxable","11":"purchasable","12":"product-type-simple"},"jetpack_sharing_enabled":true,"_links":{"self":[{"href":"https:\/\/sevrana.com\/index.php\/wp-json\/wp\/v2\/product\/378","targetHints":{"allow":["GET"]}}],"collection":[{"href":"https:\/\/sevrana.com\/index.php\/wp-json\/wp\/v2\/product"}],"about":[{"href":"https:\/\/sevrana.com\/index.php\/wp-json\/wp\/v2\/types\/product"}],"replies":[{"embeddable":true,"href":"https:\/\/sevrana.com\/index.php\/wp-json\/wp\/v2\/comments?post=378"}],"wp:featuredmedia":[{"embeddable":true,"href":"https:\/\/sevrana.com\/index.php\/wp-json\/wp\/v2\/media\/379"}],"wp:attachment":[{"href":"https:\/\/sevrana.com\/index.php\/wp-json\/wp\/v2\/media?parent=378"}],"wp:term":[{"taxonomy":"product_brand","embeddable":true,"href":"https:\/\/sevrana.com\/index.php\/wp-json\/wp\/v2\/product_brand?post=378"},{"taxonomy":"product_cat","embeddable":true,"href":"https:\/\/sevrana.com\/index.php\/wp-json\/wp\/v2\/product_cat?post=378"},{"taxonomy":"product_tag","embeddable":true,"href":"https:\/\/sevrana.com\/index.php\/wp-json\/wp\/v2\/product_tag?post=378"}],"curies":[{"name":"wp","href":"https:\/\/api.w.org\/{rel}","templated":true}]}}