{"id":380,"date":"2026-04-08T22:06:12","date_gmt":"2026-04-08T22:06:12","guid":{"rendered":"https:\/\/sevrana.com\/?post_type=product&#038;p=380"},"modified":"2026-04-08T22:06:12","modified_gmt":"2026-04-08T22:06:12","slug":"ivory-orchid","status":"publish","type":"product","link":"https:\/\/sevrana.com\/index.php\/product\/ivory-orchid\/","title":{"rendered":"Ivory Orchid"},"content":{"rendered":"<p>Pure et lumineuse, cette bougie incarne l\u2019\u00e9l\u00e9gance intemporelle avec son design d\u00e9licat et son orchid\u00e9e dor\u00e9e. Son parfum subtil diffuse une ambiance douce et apaisante, id\u00e9ale pour sublimer votre int\u00e9rieur. Le pot Sevrana, lui aussi parfum\u00e9, continue de diffuser d\u00e9licatement sa fragrance au fil du temps.<\/p>\n","protected":false},"excerpt":{"rendered":"<p>Pure et lumineuse, cette bougie incarne l\u2019\u00e9l\u00e9gance intemporelle avec son design d\u00e9licat et son orchid\u00e9e dor\u00e9e. Son parfum subtil diffuse une ambiance douce et apaisante, id\u00e9ale pour sublimer votre int\u00e9rieur. Le pot Sevrana, lui aussi parfum\u00e9, continue de diffuser d\u00e9licatement sa fragrance au fil du temps.<\/p>\n","protected":false},"featured_media":381,"comment_status":"open","ping_status":"closed","template":"","meta":[],"product_brand":[],"product_cat":[21],"product_tag":[],"class_list":{"0":"post-380","1":"product","2":"type-product","3":"status-publish","4":"has-post-thumbnail","6":"product_cat-uncategorized","8":"first","9":"instock","10":"shipping-taxable","11":"purchasable","12":"product-type-simple"},"jetpack_sharing_enabled":true,"_links":{"self":[{"href":"https:\/\/sevrana.com\/index.php\/wp-json\/wp\/v2\/product\/380","targetHints":{"allow":["GET"]}}],"collection":[{"href":"https:\/\/sevrana.com\/index.php\/wp-json\/wp\/v2\/product"}],"about":[{"href":"https:\/\/sevrana.com\/index.php\/wp-json\/wp\/v2\/types\/product"}],"replies":[{"embeddable":true,"href":"https:\/\/sevrana.com\/index.php\/wp-json\/wp\/v2\/comments?post=380"}],"wp:featuredmedia":[{"embeddable":true,"href":"https:\/\/sevrana.com\/index.php\/wp-json\/wp\/v2\/media\/381"}],"wp:attachment":[{"href":"https:\/\/sevrana.com\/index.php\/wp-json\/wp\/v2\/media?parent=380"}],"wp:term":[{"taxonomy":"product_brand","embeddable":true,"href":"https:\/\/sevrana.com\/index.php\/wp-json\/wp\/v2\/product_brand?post=380"},{"taxonomy":"product_cat","embeddable":true,"href":"https:\/\/sevrana.com\/index.php\/wp-json\/wp\/v2\/product_cat?post=380"},{"taxonomy":"product_tag","embeddable":true,"href":"https:\/\/sevrana.com\/index.php\/wp-json\/wp\/v2\/product_tag?post=380"}],"curies":[{"name":"wp","href":"https:\/\/api.w.org\/{rel}","templated":true}]}}